{"id":605,"date":"2026-01-20T18:58:23","date_gmt":"2026-01-20T18:58:23","guid":{"rendered":"https:\/\/fbagastro.com\/?page_id=605"},"modified":"2026-02-06T02:38:51","modified_gmt":"2026-02-06T02:38:51","slug":"mahsun-usta","status":"publish","type":"page","link":"https:\/\/fbagastro.com\/en\/projeler\/mahsun-usta\/","title":{"rendered":"Mahsun Usta"},"content":{"rendered":"<p>[et_pb_section fb_built=&#8221;1&#8243; admin_label=&#8221;Header&#8221; _builder_version=&#8221;4.27.4&#8243; _module_preset=&#8221;default&#8221; background_color=&#8221;#000000&#8243; use_background_color_gradient=&#8221;on&#8221; background_color_gradient_stops=&#8221;rgba(0,0,0,0) 0%|#000d16 100%&#8221; background_color_gradient_overlays_image=&#8221;on&#8221; background_image=&#8221;https:\/\/fbagastro.com\/wp-content\/uploads\/2026\/01\/mahsunusta-bg-scaled.png&#8221; custom_padding=&#8221;12%||12%||true|false&#8221; locked=&#8221;off&#8221; collapsed=&#8221;off&#8221; global_colors_info=&#8221;{}&#8221;][et_pb_row _builder_version=&#8221;4.27.5&#8243; _module_preset=&#8221;default&#8221; z_index=&#8221;1&#8243; max_width=&#8221;700px&#8221; hover_enabled=&#8221;0&#8243; global_colors_info=&#8221;{}&#8221; sticky_enabled=&#8221;0&#8243; custom_margin_last_edited=&#8221;on|phone&#8221; custom_margin_phone=&#8221;80px||||false|false&#8221;][et_pb_column type=&#8221;4_4&#8243; _builder_version=&#8221;4.18.0&#8243; _module_preset=&#8221;default&#8221; global_colors_info=&#8221;{}&#8221;][et_pb_image src=&#8221;https:\/\/fbagastro.com\/wp-content\/uploads\/2025\/10\/header.png&#8221; title_text=&#8221;header&#8221; _builder_version=&#8221;4.27.5&#8243; _module_preset=&#8221;default&#8221; width=&#8221;200px&#8221; module_alignment=&#8221;center&#8221; hover_enabled=&#8221;0&#8243; global_colors_info=&#8221;{}&#8221; width_last_edited=&#8221;on|phone&#8221; width_phone=&#8221;40%&#8221; sticky_enabled=&#8221;0&#8243; width_tablet=&#8221;200px&#8221;][\/et_pb_image][et_pb_text _builder_version=&#8221;4.27.5&#8243; _module_preset=&#8221;c16985e1-e0d6-4022-964d-e2bfc04fa633&#8243; header_font=&#8221;Baskervville|700|||||||&#8221; header_text_color=&#8221;#FFFFFF&#8221; header_font_size=&#8221;72px&#8221; header_line_height=&#8221;1.2em&#8221; text_orientation=&#8221;center&#8221; hover_enabled=&#8221;0&#8243; header_font_size_tablet=&#8221;40px&#8221; header_font_size_phone=&#8221;35px&#8221; header_font_size_last_edited=&#8221;on|desktop&#8221; global_colors_info=&#8221;{}&#8221; sticky_enabled=&#8221;0&#8243;]<\/p>\n<h1>Mahsun Usta<\/h1>\n<p>[\/et_pb_text][et_pb_text _builder_version=&#8221;4.27.4&#8243; _module_preset=&#8221;default&#8221; text_text_color=&#8221;#FFFFFF&#8221; text_font_size=&#8221;20px&#8221; text_orientation=&#8221;center&#8221; global_colors_info=&#8221;{}&#8221;]<\/p>\n<p>\u0130stanbul<\/p>\n<p>[\/et_pb_text][\/et_pb_column][\/et_pb_row][\/et_pb_section][et_pb_section fb_built=&#8221;1&#8243; admin_label=&#8221;Services&#8221; _builder_version=&#8221;4.27.4&#8243; _module_preset=&#8221;default&#8221; background_color=&#8221;#000000&#8243; custom_padding=&#8221;||10px||false|false&#8221; locked=&#8221;off&#8221; collapsed=&#8221;on&#8221; global_colors_info=&#8221;{}&#8221;][et_pb_row _builder_version=&#8221;4.27.4&#8243; _module_preset=&#8221;5138c454-be54-4233-bd3b-f8e6a8747976&#8243; custom_margin=&#8221;|auto|-10px|auto|false|false&#8221; custom_padding=&#8221;||10px||false|false&#8221; locked=&#8221;off&#8221; global_colors_info=&#8221;{}&#8221;][et_pb_column type=&#8221;4_4&#8243; _builder_version=&#8221;4.18.0&#8243; _module_preset=&#8221;73121f80-a3ef-4484-8763-c3f18e3c56d2&#8243; global_colors_info=&#8221;{}&#8221;][et_pb_heading title=&#8221;Zamanda Pi\u015fen Lezzetler : Mahsun Usta&#8221; _builder_version=&#8221;4.27.4&#8243; _module_preset=&#8221;c33f07d9-41e0-421a-8799-5799df695cce&#8221; title_level=&#8221;h2&#8243; title_font=&#8221;|Cinzel_weight|||||||&#8221; title_text_align=&#8221;center&#8221; title_text_color=&#8221;#FFFFFF&#8221; title_font_size=&#8221;50px&#8221; title_line_height=&#8221;1.2em&#8221; custom_margin=&#8221;||10px||false|false&#8221; title_font_size_tablet=&#8221;28px&#8221; title_font_size_phone=&#8221;20px&#8221; title_font_size_last_edited=&#8221;on|phone&#8221; global_colors_info=&#8221;{}&#8221;][\/et_pb_heading][\/et_pb_column][\/et_pb_row][\/et_pb_section][et_pb_section fb_built=&#8221;1&#8243; admin_label=&#8221;Services&#8221; _builder_version=&#8221;4.27.4&#8243; _module_preset=&#8221;default&#8221; background_color=&#8221;#000000&#8243; custom_padding=&#8221;10px||||false|false&#8221; locked=&#8221;off&#8221; collapsed=&#8221;off&#8221; global_colors_info=&#8221;{}&#8221;][et_pb_row _builder_version=&#8221;4.18.0&#8243; _module_preset=&#8221;5138c454-be54-4233-bd3b-f8e6a8747976&#8243; custom_margin=&#8221;|auto|-10px|auto|false|false&#8221; locked=&#8221;off&#8221; global_colors_info=&#8221;{}&#8221;][et_pb_column type=&#8221;4_4&#8243; _builder_version=&#8221;4.18.0&#8243; _module_preset=&#8221;73121f80-a3ef-4484-8763-c3f18e3c56d2&#8243; global_colors_info=&#8221;{}&#8221;][et_pb_text _builder_version=&#8221;4.27.4&#8243; _module_preset=&#8221;default&#8221; text_text_color=&#8221;#FFFFFF&#8221; text_font_size=&#8221;18px&#8221; header_2_text_color=&#8221;#FFFFFF&#8221; text_orientation=&#8221;center&#8221; max_width=&#8221;70%&#8221; max_width_tablet=&#8221;85%&#8221; max_width_phone=&#8221;90%&#8221; max_width_last_edited=&#8221;on|tablet&#8221; module_alignment=&#8221;center&#8221; locked=&#8221;off&#8221; global_colors_info=&#8221;{}&#8221;]<\/p>\n<p style=\"text-align: justify;\"><span style=\"font-weight: 400;\">Mahsun Usta projesinde, Anadolu\u2019nun k\u00f6kl\u00fc mutfak haf\u0131zas\u0131n\u0131, \u0130stanbul\u2019un kalbinde yer alan tarihi tren gar\u0131n\u0131n zamans\u0131z ruhuyla bulu\u015fturan b\u00fct\u00fcnc\u00fcl bir deneyim kurgulad\u0131k. Otuz y\u0131l\u0131 a\u015fk\u0131n mutfak tecr\u00fcbesinin ta\u015f\u0131d\u0131\u011f\u0131 ustal\u0131k, nesilden nesile aktar\u0131lan tarifler ve \u00f6zenle se\u00e7ilen malzemelerle sofraya ta\u015f\u0131n\u0131rken; mek\u00e2n\u0131n tarihi dokusu modern konfor anlay\u0131\u015f\u0131yla dengeledik. Y\u00fczy\u0131ll\u0131k ta\u015flar\u0131n aras\u0131nda \u015fekillenen bu atmosferde her detay, misafiri acele ettirmeyen, hik\u00e2yesi olan bir deneyim yaratmak \u00fczere ele al\u0131nd\u0131. Mahsun Usta, ge\u00e7mi\u015fle bug\u00fcn\u00fc ayn\u0131 sofrada bulu\u015fturan, zamanda yolculuk hissini lezzetle tamamlayan \u00f6zel bir bulu\u015fma noktas\u0131 olarak hayat buluyor.<\/span><\/p>\n<p>[\/et_pb_text][\/et_pb_column][\/et_pb_row][\/et_pb_section][et_pb_section fb_built=&#8221;1&#8243; _builder_version=&#8221;4.27.4&#8243; _module_preset=&#8221;default&#8221; background_color=&#8221;#000000&#8243; global_colors_info=&#8221;{}&#8221;][et_pb_row _builder_version=&#8221;4.27.4&#8243; _module_preset=&#8221;default&#8221; global_colors_info=&#8221;{}&#8221;][et_pb_column type=&#8221;4_4&#8243; _builder_version=&#8221;4.27.4&#8243; _module_preset=&#8221;default&#8221; global_colors_info=&#8221;{}&#8221;][et_pb_gallery gallery_ids=&#8221;610,613,614,616&#8243; orientation=&#8221;portrait&#8221; show_title_and_caption=&#8221;off&#8221; show_pagination=&#8221;off&#8221; zoom_icon_color=&#8221;gcid-6f42e9ca-0434-453b-bb00-4d8aeac72f37&#8243; hover_overlay_color=&#8221;rgba(0,0,0,0.35)&#8221; _builder_version=&#8221;4.27.4&#8243; _module_preset=&#8221;default&#8221; custom_margin=&#8221;||||false|false&#8221; custom_padding=&#8221;||||false|false&#8221; global_colors_info=&#8221;{%22gcid-6f42e9ca-0434-453b-bb00-4d8aeac72f37%22:%91%22zoom_icon_color%22%93}&#8221;][\/et_pb_gallery][\/et_pb_column][\/et_pb_row][\/et_pb_section][et_pb_section fb_built=&#8221;1&#8243; admin_label=&#8221;Reservation&#8221; _builder_version=&#8221;4.27.4&#8243; _module_preset=&#8221;default&#8221; background_enable_image=&#8221;off&#8221; background_size=&#8221;custom&#8221; background_image_width=&#8221;25%&#8221; background_position=&#8221;bottom_left&#8221; background_last_edited=&#8221;on|tablet&#8221; background_image_width_tablet=&#8221;50%&#8221; collapsed=&#8221;on&#8221; global_colors_info=&#8221;{}&#8221;][et_pb_row _builder_version=&#8221;4.27.4&#8243; _module_preset=&#8221;default&#8221; background_color=&#8221;#FFFFFF&#8221; background_enable_image=&#8221;off&#8221; background_size=&#8221;contain&#8221; background_position=&#8221;top_center&#8221; custom_padding=&#8221;60px|10%|60px|10%|true|true&#8221; box_shadow_style=&#8221;preset4&#8243; box_shadow_horizontal=&#8221;0px&#8221; box_shadow_vertical=&#8221;20px&#8221; box_shadow_blur=&#8221;60px&#8221; box_shadow_color=&#8221;rgba(6,39,58,0.15)&#8221; global_colors_info=&#8221;{}&#8221;][et_pb_column type=&#8221;4_4&#8243; _builder_version=&#8221;4.18.0&#8243; _module_preset=&#8221;default&#8221; global_colors_info=&#8221;{}&#8221;][et_pb_image src=&#8221;https:\/\/fbagastro.com\/wp-content\/uploads\/2025\/10\/header-contact.png&#8221; title_text=&#8221;header-contact&#8221; align=&#8221;center&#8221; _builder_version=&#8221;4.27.4&#8243; _module_preset=&#8221;default&#8221; width=&#8221;218px&#8221; max_width=&#8221;100%&#8221; custom_margin=&#8221;||30px||false|false&#8221; locked=&#8221;off&#8221; global_colors_info=&#8221;{}&#8221;][\/et_pb_image][et_pb_text _builder_version=&#8221;4.27.4&#8243; _module_preset=&#8221;b327cbe4-b1d5-4b66-ad37-40c8f2f061ba&#8221; header_2_font=&#8221;Baskervville|700|||||||&#8221; header_2_text_color=&#8221;gcid-6cf832c3-8605-47c9-bc46-1582df301cef&#8221; header_2_font_size=&#8221;48px&#8221; header_2_line_height=&#8221;1.35em&#8221; text_orientation=&#8221;center&#8221; header_2_font_size_tablet=&#8221;32px&#8221; header_2_font_size_phone=&#8221;20px&#8221; header_2_font_size_last_edited=&#8221;on|desktop&#8221; global_colors_info=&#8221;{%22gcid-6cf832c3-8605-47c9-bc46-1582df301cef%22:%91%22header_2_text_color%22%93}&#8221;]<\/p>\n<h2>Teklif Al\u0131n<\/h2>\n<p>[\/et_pb_text][et_pb_text _builder_version=&#8221;4.27.4&#8243; _module_preset=&#8221;518880c8-46c7-4ffa-b5a6-93ffa99dcc17&#8243; text_font=&#8221;Hind||||||||&#8221; text_text_color=&#8221;#000000&#8243; text_font_size=&#8221;18px&#8221; text_line_height=&#8221;1.6em&#8221; link_text_color=&#8221;#23CDE7&#8243; text_orientation=&#8221;center&#8221; text_font_size_tablet=&#8221;16px&#8221; text_font_size_phone=&#8221;14px&#8221; text_font_size_last_edited=&#8221;on|phone&#8221; global_colors_info=&#8221;{}&#8221;]Projeniz i\u00e7in en uygun stratejiyi birlikte belirleyelim. \u015eimdi bizimle ileti\u015fime ge\u00e7in.[\/et_pb_text][et_pb_contact_form captcha=&#8221;off&#8221; _builder_version=&#8221;4.27.4&#8243; _module_preset=&#8221;5f451234-b662-41cf-8ad7-48c40d2afa7f&#8221; _unique_id=&#8221;37352547-b97b-4413-85e2-b00056b20234&#8243; form_field_background_color=&#8221;RGBA(255,255,255,0)&#8221; form_field_text_color=&#8221;gcid-6cf832c3-8605-47c9-bc46-1582df301cef&#8221; form_field_custom_padding=&#8221;18px|24px|18px|24px|true|true&#8221; form_field_font=&#8221;Hind|700||on|||||&#8221; custom_button=&#8221;on&#8221; button_text_size=&#8221;14px&#8221; button_text_color=&#8221;#FFFFFF&#8221; button_bg_color=&#8221;gcid-6cf832c3-8605-47c9-bc46-1582df301cef&#8221; button_border_width=&#8221;0px&#8221; button_border_radius=&#8221;0px&#8221; button_font=&#8221;Hind|700||on|||||&#8221; button_custom_padding=&#8221;18px|32px|18px|32px|true|true&#8221; max_width=&#8221;510px&#8221; module_alignment=&#8221;center&#8221; border_width_all=&#8221;1px&#8221; border_color_all=&#8221;gcid-6cf832c3-8605-47c9-bc46-1582df301cef&#8221; locked=&#8221;off&#8221; global_colors_info=&#8221;{%22gcid-6cf832c3-8605-47c9-bc46-1582df301cef%22:%91%22form_field_text_color%22,%22border_color_all%22,%22button_bg_color%22%93}&#8221;][et_pb_contact_field field_id=&#8221;Name&#8221; field_title=&#8221;\u0130S\u0130M&#8221; fullwidth_field=&#8221;on&#8221; _builder_version=&#8221;4.27.4&#8243; _module_preset=&#8221;default&#8221; global_colors_info=&#8221;{}&#8221; button_text_size__hover_enabled=&#8221;off&#8221; button_one_text_size__hover_enabled=&#8221;off&#8221; button_two_text_size__hover_enabled=&#8221;off&#8221; button_text_color__hover_enabled=&#8221;off&#8221; button_one_text_color__hover_enabled=&#8221;off&#8221; button_two_text_color__hover_enabled=&#8221;off&#8221; button_border_width__hover_enabled=&#8221;off&#8221; button_one_border_width__hover_enabled=&#8221;off&#8221; button_two_border_width__hover_enabled=&#8221;off&#8221; button_border_color__hover_enabled=&#8221;off&#8221; button_one_border_color__hover_enabled=&#8221;off&#8221; button_two_border_color__hover_enabled=&#8221;off&#8221; button_border_radius__hover_enabled=&#8221;off&#8221; button_one_border_radius__hover_enabled=&#8221;off&#8221; button_two_border_radius__hover_enabled=&#8221;off&#8221; button_letter_spacing__hover_enabled=&#8221;off&#8221; button_one_letter_spacing__hover_enabled=&#8221;off&#8221; button_two_letter_spacing__hover_enabled=&#8221;off&#8221; button_bg_color__hover_enabled=&#8221;off&#8221; button_one_bg_color__hover_enabled=&#8221;off&#8221; button_two_bg_color__hover_enabled=&#8221;off&#8221;][\/et_pb_contact_field][et_pb_contact_field field_id=&#8221;Email&#8221; field_title=&#8221;Eposta&#8221; field_type=&#8221;email&#8221; fullwidth_field=&#8221;on&#8221; _builder_version=&#8221;4.27.4&#8243; _module_preset=&#8221;default&#8221; global_colors_info=&#8221;{}&#8221; button_text_size__hover_enabled=&#8221;off&#8221; button_one_text_size__hover_enabled=&#8221;off&#8221; button_two_text_size__hover_enabled=&#8221;off&#8221; button_text_color__hover_enabled=&#8221;off&#8221; button_one_text_color__hover_enabled=&#8221;off&#8221; button_two_text_color__hover_enabled=&#8221;off&#8221; button_border_width__hover_enabled=&#8221;off&#8221; button_one_border_width__hover_enabled=&#8221;off&#8221; button_two_border_width__hover_enabled=&#8221;off&#8221; button_border_color__hover_enabled=&#8221;off&#8221; button_one_border_color__hover_enabled=&#8221;off&#8221; button_two_border_color__hover_enabled=&#8221;off&#8221; button_border_radius__hover_enabled=&#8221;off&#8221; button_one_border_radius__hover_enabled=&#8221;off&#8221; button_two_border_radius__hover_enabled=&#8221;off&#8221; button_letter_spacing__hover_enabled=&#8221;off&#8221; button_one_letter_spacing__hover_enabled=&#8221;off&#8221; button_two_letter_spacing__hover_enabled=&#8221;off&#8221; button_bg_color__hover_enabled=&#8221;off&#8221; button_one_bg_color__hover_enabled=&#8221;off&#8221; button_two_bg_color__hover_enabled=&#8221;off&#8221;][\/et_pb_contact_field][et_pb_contact_field field_id=&#8221;Message&#8221; field_title=&#8221;Mesaj\u0131n\u0131z&#8221; field_type=&#8221;text&#8221; fullwidth_field=&#8221;on&#8221; _builder_version=&#8221;4.27.4&#8243; _module_preset=&#8221;default&#8221; global_colors_info=&#8221;{}&#8221; button_text_size__hover_enabled=&#8221;off&#8221; button_one_text_size__hover_enabled=&#8221;off&#8221; button_two_text_size__hover_enabled=&#8221;off&#8221; button_text_color__hover_enabled=&#8221;off&#8221; button_one_text_color__hover_enabled=&#8221;off&#8221; button_two_text_color__hover_enabled=&#8221;off&#8221; button_border_width__hover_enabled=&#8221;off&#8221; button_one_border_width__hover_enabled=&#8221;off&#8221; button_two_border_width__hover_enabled=&#8221;off&#8221; button_border_color__hover_enabled=&#8221;off&#8221; button_one_border_color__hover_enabled=&#8221;off&#8221; button_two_border_color__hover_enabled=&#8221;off&#8221; button_border_radius__hover_enabled=&#8221;off&#8221; button_one_border_radius__hover_enabled=&#8221;off&#8221; button_two_border_radius__hover_enabled=&#8221;off&#8221; button_letter_spacing__hover_enabled=&#8221;off&#8221; button_one_letter_spacing__hover_enabled=&#8221;off&#8221; button_two_letter_spacing__hover_enabled=&#8221;off&#8221; button_bg_color__hover_enabled=&#8221;off&#8221; button_one_bg_color__hover_enabled=&#8221;off&#8221; button_two_bg_color__hover_enabled=&#8221;off&#8221;][\/et_pb_contact_field][\/et_pb_contact_form][\/et_pb_column][\/et_pb_row][\/et_pb_section]<\/p>\n","protected":false},"excerpt":{"rendered":"<p>Mahsun Usta\u0130stanbulMahsun Usta projesinde, Anadolu\u2019nun k\u00f6kl\u00fc mutfak haf\u0131zas\u0131n\u0131, \u0130stanbul\u2019un kalbinde yer alan tarihi tren gar\u0131n\u0131n zamans\u0131z ruhuyla bulu\u015fturan b\u00fct\u00fcnc\u00fcl bir deneyim kurgulad\u0131k. Otuz y\u0131l\u0131 a\u015fk\u0131n mutfak tecr\u00fcbesinin ta\u015f\u0131d\u0131\u011f\u0131 ustal\u0131k, nesilden nesile aktar\u0131lan tarifler ve \u00f6zenle se\u00e7ilen malzemelerle sofraya ta\u015f\u0131n\u0131rken; mek\u00e2n\u0131n tarihi dokusu modern konfor anlay\u0131\u015f\u0131yla dengeledik. Y\u00fczy\u0131ll\u0131k ta\u015flar\u0131n aras\u0131nda \u015fekillenen bu atmosferde her detay, misafiri [&hellip;]<\/p>\n","protected":false},"author":2,"featured_media":0,"parent":238,"menu_order":0,"comment_status":"closed","ping_status":"closed","template":"","meta":{"_et_pb_use_builder":"on","_et_pb_old_content":"","_et_gb_content_width":"","footnotes":""},"class_list":["post-605","page","type-page","status-publish","hentry"],"yoast_head":"<!-- This site is optimized with the Yoast SEO plugin v27.4 - https:\/\/yoast.com\/product\/yoast-seo-wordpress\/ -->\n<title>Mahsun Usta - Food And Beverage Agency - FBA Gastro<\/title>\n<meta name=\"robots\" content=\"index, follow, max-snippet:-1, max-image-preview:large, max-video-preview:-1\" \/>\n<link rel=\"canonical\" href=\"https:\/\/fbagastro.com\/en\/projeler\/mahsun-usta\/\" \/>\n<meta property=\"og:locale\" content=\"en_US\" \/>\n<meta property=\"og:type\" content=\"article\" \/>\n<meta property=\"og:title\" content=\"Mahsun Usta - Food And Beverage Agency - FBA Gastro\" \/>\n<meta property=\"og:description\" content=\"Mahsun Usta\u0130stanbulMahsun Usta projesinde, Anadolu\u2019nun k\u00f6kl\u00fc mutfak haf\u0131zas\u0131n\u0131, \u0130stanbul\u2019un kalbinde yer alan tarihi tren gar\u0131n\u0131n zamans\u0131z ruhuyla bulu\u015fturan b\u00fct\u00fcnc\u00fcl bir deneyim kurgulad\u0131k. Otuz y\u0131l\u0131 a\u015fk\u0131n mutfak tecr\u00fcbesinin ta\u015f\u0131d\u0131\u011f\u0131 ustal\u0131k, nesilden nesile aktar\u0131lan tarifler ve \u00f6zenle se\u00e7ilen malzemelerle sofraya ta\u015f\u0131n\u0131rken; mek\u00e2n\u0131n tarihi dokusu modern konfor anlay\u0131\u015f\u0131yla dengeledik. Y\u00fczy\u0131ll\u0131k ta\u015flar\u0131n aras\u0131nda \u015fekillenen bu atmosferde her detay, misafiri [&hellip;]\" \/>\n<meta property=\"og:url\" content=\"https:\/\/fbagastro.com\/en\/projeler\/mahsun-usta\/\" \/>\n<meta property=\"og:site_name\" content=\"Food And Beverage Agency - FBA Gastro\" \/>\n<meta property=\"article:publisher\" content=\"https:\/\/www.facebook.com\/fbagastro\/\" \/>\n<meta property=\"article:modified_time\" content=\"2026-02-06T02:38:51+00:00\" \/>\n<meta name=\"twitter:card\" content=\"summary_large_image\" \/>\n<meta name=\"twitter:label1\" content=\"Est. reading time\" \/>\n\t<meta name=\"twitter:data1\" content=\"9 minutes\" \/>\n<script type=\"application\/ld+json\" class=\"yoast-schema-graph\">{\"@context\":\"https:\\\/\\\/schema.org\",\"@graph\":[{\"@type\":\"WebPage\",\"@id\":\"https:\\\/\\\/fbagastro.com\\\/projeler\\\/mahsun-usta\\\/\",\"url\":\"https:\\\/\\\/fbagastro.com\\\/projeler\\\/mahsun-usta\\\/\",\"name\":\"Mahsun Usta - Food And Beverage Agency - FBA Gastro\",\"isPartOf\":{\"@id\":\"https:\\\/\\\/fbagastro.com\\\/#website\"},\"datePublished\":\"2026-01-20T18:58:23+00:00\",\"dateModified\":\"2026-02-06T02:38:51+00:00\",\"breadcrumb\":{\"@id\":\"https:\\\/\\\/fbagastro.com\\\/projeler\\\/mahsun-usta\\\/#breadcrumb\"},\"inLanguage\":\"en-US\",\"potentialAction\":[{\"@type\":\"ReadAction\",\"target\":[\"https:\\\/\\\/fbagastro.com\\\/projeler\\\/mahsun-usta\\\/\"]}]},{\"@type\":\"BreadcrumbList\",\"@id\":\"https:\\\/\\\/fbagastro.com\\\/projeler\\\/mahsun-usta\\\/#breadcrumb\",\"itemListElement\":[{\"@type\":\"ListItem\",\"position\":1,\"name\":\"Anasayfa\",\"item\":\"https:\\\/\\\/fbagastro.com\\\/\"},{\"@type\":\"ListItem\",\"position\":2,\"name\":\"Projeler\",\"item\":\"https:\\\/\\\/fbagastro.com\\\/projeler\\\/\"},{\"@type\":\"ListItem\",\"position\":3,\"name\":\"Mahsun Usta\"}]},{\"@type\":\"WebSite\",\"@id\":\"https:\\\/\\\/fbagastro.com\\\/#website\",\"url\":\"https:\\\/\\\/fbagastro.com\\\/\",\"name\":\"FBA Gastro\",\"description\":\"\",\"publisher\":{\"@id\":\"https:\\\/\\\/fbagastro.com\\\/#organization\"},\"potentialAction\":[{\"@type\":\"SearchAction\",\"target\":{\"@type\":\"EntryPoint\",\"urlTemplate\":\"https:\\\/\\\/fbagastro.com\\\/?s={search_term_string}\"},\"query-input\":{\"@type\":\"PropertyValueSpecification\",\"valueRequired\":true,\"valueName\":\"search_term_string\"}}],\"inLanguage\":\"en-US\"},{\"@type\":\"Organization\",\"@id\":\"https:\\\/\\\/fbagastro.com\\\/#organization\",\"name\":\"Food And Beverage Agency\",\"url\":\"https:\\\/\\\/fbagastro.com\\\/\",\"logo\":{\"@type\":\"ImageObject\",\"inLanguage\":\"en-US\",\"@id\":\"https:\\\/\\\/fbagastro.com\\\/#\\\/schema\\\/logo\\\/image\\\/\",\"url\":\"https:\\\/\\\/fbagastro.com\\\/wp-content\\\/uploads\\\/2025\\\/10\\\/fba-logo.png\",\"contentUrl\":\"https:\\\/\\\/fbagastro.com\\\/wp-content\\\/uploads\\\/2025\\\/10\\\/fba-logo.png\",\"width\":400,\"height\":400,\"caption\":\"Food And Beverage Agency\"},\"image\":{\"@id\":\"https:\\\/\\\/fbagastro.com\\\/#\\\/schema\\\/logo\\\/image\\\/\"},\"sameAs\":[\"https:\\\/\\\/www.facebook.com\\\/fbagastro\\\/\",\"https:\\\/\\\/www.instagram.com\\\/fbagastro\\\/\"]}]}<\/script>\n<!-- \/ Yoast SEO plugin. -->","yoast_head_json":{"title":"Mahsun Usta - Food And Beverage Agency - FBA Gastro","robots":{"index":"index","follow":"follow","max-snippet":"max-snippet:-1","max-image-preview":"max-image-preview:large","max-video-preview":"max-video-preview:-1"},"canonical":"https:\/\/fbagastro.com\/en\/projeler\/mahsun-usta\/","og_locale":"en_US","og_type":"article","og_title":"Mahsun Usta - Food And Beverage Agency - FBA Gastro","og_description":"Mahsun Usta\u0130stanbulMahsun Usta projesinde, Anadolu\u2019nun k\u00f6kl\u00fc mutfak haf\u0131zas\u0131n\u0131, \u0130stanbul\u2019un kalbinde yer alan tarihi tren gar\u0131n\u0131n zamans\u0131z ruhuyla bulu\u015fturan b\u00fct\u00fcnc\u00fcl bir deneyim kurgulad\u0131k. Otuz y\u0131l\u0131 a\u015fk\u0131n mutfak tecr\u00fcbesinin ta\u015f\u0131d\u0131\u011f\u0131 ustal\u0131k, nesilden nesile aktar\u0131lan tarifler ve \u00f6zenle se\u00e7ilen malzemelerle sofraya ta\u015f\u0131n\u0131rken; mek\u00e2n\u0131n tarihi dokusu modern konfor anlay\u0131\u015f\u0131yla dengeledik. Y\u00fczy\u0131ll\u0131k ta\u015flar\u0131n aras\u0131nda \u015fekillenen bu atmosferde her detay, misafiri [&hellip;]","og_url":"https:\/\/fbagastro.com\/en\/projeler\/mahsun-usta\/","og_site_name":"Food And Beverage Agency - FBA Gastro","article_publisher":"https:\/\/www.facebook.com\/fbagastro\/","article_modified_time":"2026-02-06T02:38:51+00:00","twitter_card":"summary_large_image","twitter_misc":{"Est. reading time":"9 minutes"},"schema":{"@context":"https:\/\/schema.org","@graph":[{"@type":"WebPage","@id":"https:\/\/fbagastro.com\/projeler\/mahsun-usta\/","url":"https:\/\/fbagastro.com\/projeler\/mahsun-usta\/","name":"Mahsun Usta - Food And Beverage Agency - FBA Gastro","isPartOf":{"@id":"https:\/\/fbagastro.com\/#website"},"datePublished":"2026-01-20T18:58:23+00:00","dateModified":"2026-02-06T02:38:51+00:00","breadcrumb":{"@id":"https:\/\/fbagastro.com\/projeler\/mahsun-usta\/#breadcrumb"},"inLanguage":"en-US","potentialAction":[{"@type":"ReadAction","target":["https:\/\/fbagastro.com\/projeler\/mahsun-usta\/"]}]},{"@type":"BreadcrumbList","@id":"https:\/\/fbagastro.com\/projeler\/mahsun-usta\/#breadcrumb","itemListElement":[{"@type":"ListItem","position":1,"name":"Anasayfa","item":"https:\/\/fbagastro.com\/"},{"@type":"ListItem","position":2,"name":"Projeler","item":"https:\/\/fbagastro.com\/projeler\/"},{"@type":"ListItem","position":3,"name":"Mahsun Usta"}]},{"@type":"WebSite","@id":"https:\/\/fbagastro.com\/#website","url":"https:\/\/fbagastro.com\/","name":"FBA Gastro","description":"","publisher":{"@id":"https:\/\/fbagastro.com\/#organization"},"potentialAction":[{"@type":"SearchAction","target":{"@type":"EntryPoint","urlTemplate":"https:\/\/fbagastro.com\/?s={search_term_string}"},"query-input":{"@type":"PropertyValueSpecification","valueRequired":true,"valueName":"search_term_string"}}],"inLanguage":"en-US"},{"@type":"Organization","@id":"https:\/\/fbagastro.com\/#organization","name":"Food And Beverage Agency","url":"https:\/\/fbagastro.com\/","logo":{"@type":"ImageObject","inLanguage":"en-US","@id":"https:\/\/fbagastro.com\/#\/schema\/logo\/image\/","url":"https:\/\/fbagastro.com\/wp-content\/uploads\/2025\/10\/fba-logo.png","contentUrl":"https:\/\/fbagastro.com\/wp-content\/uploads\/2025\/10\/fba-logo.png","width":400,"height":400,"caption":"Food And Beverage Agency"},"image":{"@id":"https:\/\/fbagastro.com\/#\/schema\/logo\/image\/"},"sameAs":["https:\/\/www.facebook.com\/fbagastro\/","https:\/\/www.instagram.com\/fbagastro\/"]}]}},"_links":{"self":[{"href":"https:\/\/fbagastro.com\/en\/wp-json\/wp\/v2\/pages\/605","targetHints":{"allow":["GET"]}}],"collection":[{"href":"https:\/\/fbagastro.com\/en\/wp-json\/wp\/v2\/pages"}],"about":[{"href":"https:\/\/fbagastro.com\/en\/wp-json\/wp\/v2\/types\/page"}],"author":[{"embeddable":true,"href":"https:\/\/fbagastro.com\/en\/wp-json\/wp\/v2\/users\/2"}],"replies":[{"embeddable":true,"href":"https:\/\/fbagastro.com\/en\/wp-json\/wp\/v2\/comments?post=605"}],"version-history":[{"count":3,"href":"https:\/\/fbagastro.com\/en\/wp-json\/wp\/v2\/pages\/605\/revisions"}],"predecessor-version":[{"id":750,"href":"https:\/\/fbagastro.com\/en\/wp-json\/wp\/v2\/pages\/605\/revisions\/750"}],"up":[{"embeddable":true,"href":"https:\/\/fbagastro.com\/en\/wp-json\/wp\/v2\/pages\/238"}],"wp:attachment":[{"href":"https:\/\/fbagastro.com\/en\/wp-json\/wp\/v2\/media?parent=605"}],"curies":[{"name":"wp","href":"https:\/\/api.w.org\/{rel}","templated":true}]}}